{"id":12,"date":"2019-03-22T10:55:24","date_gmt":"2019-03-22T09:55:24","guid":{"rendered":"https:\/\/login.pluginkollektiv.org\/statify\/?page_id=12"},"modified":"2020-08-08T12:52:42","modified_gmt":"2020-08-08T10:52:42","slug":"documentation","status":"publish","type":"page","link":"https:\/\/statify.pluginkollektiv.org\/de\/documentation\/","title":{"rendered":"Dokumentation"},"content":{"rendered":"\n<p>Statify bietet eine unkomplizierte und kompakte \u00dcbersicht \u00fcber die Anzahl der Seitenaufrufe an. Es ist datenschutzfreundlich (konform zur europ\u00e4ischen DSGVO), da es weder Cookies noch einen Drittanbieter nutzt.<\/p>\n\n\n\n<h2 class=\"wp-block-heading\">Inhalt<\/h2>\n\n\n\n<ul class=\"wp-block-list\"><li><a href=\"https:\/\/statify.pluginkollektiv.org\/de\/documentation\/installation\/\">Installation<\/a><\/li><li><a href=\"https:\/\/statify.pluginkollektiv.org\/de\/documentation\/dashboard-widget\/\">Dashboard-Widget<\/a><\/li><li><a href=\"https:\/\/statify.pluginkollektiv.org\/de\/documentation\/settings\/\">Einstellungen<\/a><\/li><li><a href=\"https:\/\/statify.pluginkollektiv.org\/de\/documentation\/hooks\/\">Hooks<\/a><\/li><li><a href=\"https:\/\/statify.pluginkollektiv.org\/de\/documentation\/privacy\/\">Datenschutz<\/a><\/li><li><a href=\"https:\/\/statify.pluginkollektiv.org\/de\/documentation\/faq\/\">H\u00e4ufig gestellte Fragen<\/a><\/li><li><a href=\"https:\/\/statify.pluginkollektiv.org\/de\/documentation\/changelog\/\">\u00c4nderungshistorie<\/a><\/li><\/ul>\n\n\n\n<p>Neben einem interaktiven Diagramm gibt es Listen der h\u00e4ufigsten Quellen und Zielseiten. Der Zeitraum der Statistiken und die L\u00e4nge der Listen kann direkt im Dashboard Widget eingestellt werden.<\/p>\n\n\n\n<div class=\"wp-block-image\"><figure class=\"aligncenter size-large\"><a href=\"https:\/\/statify.pluginkollektiv.org\/de\/wp-content\/uploads\/sites\/9\/2020\/08\/widget-de.png\"><img loading=\"lazy\" decoding=\"async\" width=\"702\" height=\"450\" src=\"https:\/\/statify.pluginkollektiv.org\/de\/wp-content\/uploads\/sites\/9\/2020\/08\/widget-de.png\" alt=\"\" class=\"wp-image-184\" srcset=\"https:\/\/statify.pluginkollektiv.org\/de\/wp-content\/uploads\/sites\/9\/2020\/08\/widget-de.png 702w, https:\/\/statify.pluginkollektiv.org\/de\/wp-content\/uploads\/sites\/9\/2020\/08\/widget-de-300x192.png 300w\" sizes=\"auto, (max-width: 702px) 100vw, 702px\" \/><\/a><figcaption>Statify Dashboard Widget<\/figcaption><\/figure><\/div>\n\n\n\n<p><\/p>\n","protected":false},"excerpt":{"rendered":"<p>Statify bietet eine unkomplizierte und kompakte \u00dcbersicht \u00fcber die Anzahl der Seitenaufrufe an. Es ist datenschutzfreundlich (konform zur europ\u00e4ischen DSGVO), da es weder Cookies noch einen Drittanbieter nutzt. Inhalt Installation Dashboard-Widget Einstellungen Hooks Datenschutz H\u00e4ufig gestellte Fragen \u00c4nderungshistorie Neben einem interaktiven Diagramm gibt es Listen der h\u00e4ufigsten Quellen und Zielseiten. Der Zeitraum der Statistiken und &hellip;<\/p>\n","protected":false},"author":1,"featured_media":0,"parent":0,"menu_order":0,"comment_status":"closed","ping_status":"closed","template":"","meta":{"footnotes":""},"class_list":["post-12","page","type-page","status-publish","hentry","post","without-featured-image"],"_links":{"self":[{"href":"https:\/\/statify.pluginkollektiv.org\/de\/wp-json\/wp\/v2\/pages\/12","targetHints":{"allow":["GET"]}}],"collection":[{"href":"https:\/\/statify.pluginkollektiv.org\/de\/wp-json\/wp\/v2\/pages"}],"about":[{"href":"https:\/\/statify.pluginkollektiv.org\/de\/wp-json\/wp\/v2\/types\/page"}],"author":[{"embeddable":true,"href":"https:\/\/statify.pluginkollektiv.org\/de\/wp-json\/wp\/v2\/users\/1"}],"replies":[{"embeddable":true,"href":"https:\/\/statify.pluginkollektiv.org\/de\/wp-json\/wp\/v2\/comments?post=12"}],"version-history":[{"count":13,"href":"https:\/\/statify.pluginkollektiv.org\/de\/wp-json\/wp\/v2\/pages\/12\/revisions"}],"predecessor-version":[{"id":186,"href":"https:\/\/statify.pluginkollektiv.org\/de\/wp-json\/wp\/v2\/pages\/12\/revisions\/186"}],"wp:attachment":[{"href":"https:\/\/statify.pluginkollektiv.org\/de\/wp-json\/wp\/v2\/media?parent=12"}],"curies":[{"name":"wp","href":"https:\/\/api.w.org\/{rel}","templated":true}]}}