{"id":139,"date":"2020-05-23T11:10:43","date_gmt":"2020-05-23T09:10:43","guid":{"rendered":"https:\/\/statify.pluginkollektiv.org\/de\/?page_id=139"},"modified":"2024-04-04T22:17:43","modified_gmt":"2024-04-04T20:17:43","slug":"privacy","status":"publish","type":"page","link":"https:\/\/statify.pluginkollektiv.org\/de\/documentation\/privacy\/","title":{"rendered":"Datenschutz"},"content":{"rendered":"\n<p>Im direkten Vergleich mit Statistikdiensten wie&nbsp;<em>Google Analytics<\/em>,&nbsp;<em>WordPress.com Stats<\/em>&nbsp;und&nbsp;<em>Matomo (Piwik)<\/em>&nbsp;verarbeitet und speichert&nbsp;<em>Statify<\/em>&nbsp;keine personenbezogenen Daten wie IP-Adressen \u2013&nbsp;<em>Statify<\/em>&nbsp;z\u00e4hlt Aufrufe, keine Besucher.<\/p>\n\n\n\n<p>V\u00f6llige Datenschutzkonformit\u00e4t gepaart mit transparenten Prozeduren: Eine in der lokalen WordPress-Installation angelegte Datenbank-Tabelle besteht aus nur 4 Feldern (ID, Datum, Herkunft, Ziel) und kann jederzeit durch den Administrator angezeigt, aufger\u00e4umt und geleert werden.<\/p>\n\n\n\n<p>Aufgrund dieser Funktionsweise erf\u00fcllt <em>Statify<\/em> alle Anforderungen der DSGVO und ist eine schlanke Alternative zu anderen Tracking-Diensten.<\/p>\n\n\n\n<h2 class=\"wp-block-heading\">Warum genau ist Statify datenschutzkonform?<\/h2>\n\n\n\n<p>Das Tool beschr\u00e4nkt sich auf das wirklich n\u00f6tige Minimum und dadurch wird es datenschutzkonform. Du kannst es ohne viele Sorgen einsetzen.<\/p>\n\n\n\n<h4 class=\"wp-block-heading\">Es findet keine Speicherung von IP-Adressen statt<\/h4>\n\n\n\n<p>Da weder f\u00fcr die Verarbeitung noch Ansicht die IP-Adresse genutzt wird besteht auch keine Notwendigkeit zur Anonymisierung.<\/p>\n\n\n\n<h4 class=\"wp-block-heading\">Keine Cookies oder Besucherprofile<\/h4>\n\n\n\n<p><em>Statify<\/em> z\u00e4hle Besuche, keine Besucher. Dies bedeutet, dass keine Cookies und auch keine anderen Techniken zur Identifizierung von Besuchern eingesetzt werden.<\/p>\n\n\n\n<p>Du brauchst also nichts zur Datenschutzerkl\u00e4rung hinzuf\u00fcgen und musst keine Opt-Out-M\u00f6glichkeit bereitstellen.<\/p>\n\n\n\n<h4 class=\"wp-block-heading\">Die erhobenen Daten werden automatisch wieder gel\u00f6scht<\/h4>\n\n\n\n<p>Voreingestellt werden nur die letzten 14 Tage gespeichert und angezeigt. Die Dauer der Aufbewahrung kannst du <a href=\"https:\/\/statify.pluginkollektiv.org\/de\/documentation\/settings\/\">selbst anpassen<\/a>. \u00c4ltere Daten werden automatisch aus der Datenbank gel\u00f6scht.<\/p>\n\n\n\n<hr class=\"wp-block-separator has-css-opacity\"\/>\n\n\n\n<p>Danke und Details, Alternativen:<br><a href=\"https:\/\/hejchris.de\/blog\/statify-datenschutzkonformes-besuchertracking\/\">https:\/\/hejchris.de\/blog\/statify-datenschutzkonformes-besuchertracking\/<\/a><\/p>\n","protected":false},"excerpt":{"rendered":"<p>Im direkten Vergleich mit Statistikdiensten wie&nbsp;Google Analytics,&nbsp;WordPress.com Stats&nbsp;und&nbsp;Matomo (Piwik)&nbsp;verarbeitet und speichert&nbsp;Statify&nbsp;keine personenbezogenen Daten wie IP-Adressen \u2013&nbsp;Statify&nbsp;z\u00e4hlt Aufrufe, keine Besucher. V\u00f6llige Datenschutzkonformit\u00e4t gepaart mit transparenten Prozeduren: Eine in der lokalen WordPress-Installation angelegte Datenbank-Tabelle besteht aus nur 4 Feldern (ID, Datum, Herkunft, Ziel) und kann jederzeit durch den Administrator angezeigt, aufger\u00e4umt und geleert werden. Aufgrund dieser Funktionsweise &hellip;<\/p>\n","protected":false},"author":17,"featured_media":0,"parent":12,"menu_order":0,"comment_status":"closed","ping_status":"closed","template":"","meta":{"footnotes":""},"class_list":["post-139","page","type-page","status-publish","hentry","post","without-featured-image"],"_links":{"self":[{"href":"https:\/\/statify.pluginkollektiv.org\/de\/wp-json\/wp\/v2\/pages\/139","targetHints":{"allow":["GET"]}}],"collection":[{"href":"https:\/\/statify.pluginkollektiv.org\/de\/wp-json\/wp\/v2\/pages"}],"about":[{"href":"https:\/\/statify.pluginkollektiv.org\/de\/wp-json\/wp\/v2\/types\/page"}],"author":[{"embeddable":true,"href":"https:\/\/statify.pluginkollektiv.org\/de\/wp-json\/wp\/v2\/users\/17"}],"replies":[{"embeddable":true,"href":"https:\/\/statify.pluginkollektiv.org\/de\/wp-json\/wp\/v2\/comments?post=139"}],"version-history":[{"count":8,"href":"https:\/\/statify.pluginkollektiv.org\/de\/wp-json\/wp\/v2\/pages\/139\/revisions"}],"predecessor-version":[{"id":218,"href":"https:\/\/statify.pluginkollektiv.org\/de\/wp-json\/wp\/v2\/pages\/139\/revisions\/218"}],"up":[{"embeddable":true,"href":"https:\/\/statify.pluginkollektiv.org\/de\/wp-json\/wp\/v2\/pages\/12"}],"wp:attachment":[{"href":"https:\/\/statify.pluginkollektiv.org\/de\/wp-json\/wp\/v2\/media?parent=139"}],"curies":[{"name":"wp","href":"https:\/\/api.w.org\/{rel}","templated":true}]}}