{"id":154,"date":"2020-05-23T12:12:44","date_gmt":"2020-05-23T10:12:44","guid":{"rendered":"https:\/\/statify.pluginkollektiv.org\/de\/?page_id=154"},"modified":"2020-08-08T12:52:11","modified_gmt":"2020-08-08T10:52:11","slug":"dashboard-widget","status":"publish","type":"page","link":"https:\/\/statify.pluginkollektiv.org\/de\/documentation\/dashboard-widget\/","title":{"rendered":"Dashboard-Widget"},"content":{"rendered":"\n<p><em>Statify<\/em> bringt ein interaktives Widget zur direkten Anzeige von Aufrufzahlen im Dashboard mit.<\/p>\n\n\n\n<figure class=\"wp-block-image size-large\"><img loading=\"lazy\" decoding=\"async\" width=\"702\" height=\"450\" src=\"https:\/\/statify.pluginkollektiv.org\/de\/wp-content\/uploads\/sites\/9\/2020\/08\/widget-de.png\" alt=\"\" class=\"wp-image-184\" srcset=\"https:\/\/statify.pluginkollektiv.org\/de\/wp-content\/uploads\/sites\/9\/2020\/08\/widget-de.png 702w, https:\/\/statify.pluginkollektiv.org\/de\/wp-content\/uploads\/sites\/9\/2020\/08\/widget-de-300x192.png 300w\" sizes=\"auto, (max-width: 702px) 100vw, 702px\" \/><figcaption>Dashboard-Widget mit Beispieldaten<\/figcaption><\/figure>\n\n\n\n<p>Das Widget zeigt ein Diagramm der Aufrufe \u00fcber den konfigurierten <a href=\"https:\/\/statify.pluginkollektiv.org\/de\/documentation\/settings\/#period-of-data-display\">Zeitraum zur Anzeige<\/a>. Ein Tooltip auf den einzelnen Datenpunkten zeigt die genaue Anzahl der Seitenaufrufe an einem bestimmten Datum.<\/p>\n\n\n\n<p>Darunter siehst du zwei Bestenlisten: Quellen und Inhalte. Die <a href=\"https:\/\/statify.pluginkollektiv.org\/de\/documentation\/settings\/#number-of-entries-in-top-list\">Anzahl der Eintr\u00e4ge<\/a> is konfigurierbar. Standardm\u00e4\u00dfig werden die Bestenlisten \u00fcber den angezeigten Zeitraum generiert. Es ist allerdings m\u00f6glich, hier nur Daten <a href=\"https:\/\/statify.pluginkollektiv.org\/de\/documentation\/settings\/#top-lists-only-today\">von heute<\/a> auszuwerten.<\/p>\n\n\n\n<p>Am Schluss werden, falls <a href=\"https:\/\/statify.pluginkollektiv.org\/de\/documentation\/settings\/#show-totals\">konfiguriert<\/a>, Gesamtzahlen ausgegeben.<\/p>\n\n\n\n<h2 class=\"wp-block-heading\">Konfiguration des Widgets<\/h2>\n\n\n\n<p>Das Widget kann \u00fcber die gemeinsame Einstellungsseite angepasst werden. Es ist ebenfalls m\u00f6glich, die Anzeigeeinstellungen schnell \u00fcber den \u201eKonfigurieren\u201c-Link in der oberen rechten Ecke des Widgets selbst vorzunehmen.<\/p>\n\n\n\n<div class=\"wp-block-image\"><figure class=\"aligncenter size-large\"><img loading=\"lazy\" decoding=\"async\" width=\"504\" height=\"333\" src=\"https:\/\/statify.pluginkollektiv.org\/de\/wp-content\/uploads\/sites\/9\/2020\/05\/widgetsettings-de.png\" alt=\"\" class=\"wp-image-107\" srcset=\"https:\/\/statify.pluginkollektiv.org\/de\/wp-content\/uploads\/sites\/9\/2020\/05\/widgetsettings-de.png 504w, https:\/\/statify.pluginkollektiv.org\/de\/wp-content\/uploads\/sites\/9\/2020\/05\/widgetsettings-de-300x198.png 300w\" sizes=\"auto, (max-width: 504px) 100vw, 504px\" \/><figcaption>Einstellungen im Dashboard-Widget<\/figcaption><\/figure><\/div>\n\n\n\n<p>Im Abschnitt <a href=\"https:\/\/statify.pluginkollektiv.org\/documentation\/settings\/\">Einstellungen<\/a> findest du eine vollst\u00e4ndige Liste der Optionen.<\/p>\n\n\n\n<h3 class=\"wp-block-heading\">Wer kann das Widget sehen?<\/h3>\n\n\n\n<p>Standardm\u00e4\u00dfig bekommen nur Administrators das Widget angezeigt. Dies kann \u00fcber den&nbsp;<code><a href=\"https:\/\/statify.pluginkollektiv.org\/de\/documentation\/hooks\/#user_can_see_stats\">statify__user_can_see_stats<\/a><\/code>&nbsp;Hook angepasst werden.<\/p>\n\n\n\n<h2 class=\"wp-block-heading\">Hinweise<\/h2>\n\n\n\n<p>Um die Ausf\u00fchrungszeit des Dashboard-Widgets gering zu halten, werden dargestellte Statistikdaten f\u00fcr 4 Minuten zwischengespeichert. Deshalb f\u00fchrt ein Neuladen des Dashboards nicht sofort zu aktualisierten Zahlen, selbst wenn in der Zwischenzeit neue Seitenaufrufe gez\u00e4hlt wurden.<\/p>\n","protected":false},"excerpt":{"rendered":"<p>Statify bringt ein interaktives Widget zur direkten Anzeige von Aufrufzahlen im Dashboard mit. Das Widget zeigt ein Diagramm der Aufrufe \u00fcber den konfigurierten Zeitraum zur Anzeige. Ein Tooltip auf den einzelnen Datenpunkten zeigt die genaue Anzahl der Seitenaufrufe an einem bestimmten Datum. Darunter siehst du zwei Bestenlisten: Quellen und Inhalte. Die Anzahl der Eintr\u00e4ge is &hellip;<\/p>\n","protected":false},"author":17,"featured_media":0,"parent":12,"menu_order":0,"comment_status":"closed","ping_status":"closed","template":"","meta":{"footnotes":""},"class_list":["post-154","page","type-page","status-publish","hentry","post","without-featured-image"],"_links":{"self":[{"href":"https:\/\/statify.pluginkollektiv.org\/de\/wp-json\/wp\/v2\/pages\/154","targetHints":{"allow":["GET"]}}],"collection":[{"href":"https:\/\/statify.pluginkollektiv.org\/de\/wp-json\/wp\/v2\/pages"}],"about":[{"href":"https:\/\/statify.pluginkollektiv.org\/de\/wp-json\/wp\/v2\/types\/page"}],"author":[{"embeddable":true,"href":"https:\/\/statify.pluginkollektiv.org\/de\/wp-json\/wp\/v2\/users\/17"}],"replies":[{"embeddable":true,"href":"https:\/\/statify.pluginkollektiv.org\/de\/wp-json\/wp\/v2\/comments?post=154"}],"version-history":[{"count":8,"href":"https:\/\/statify.pluginkollektiv.org\/de\/wp-json\/wp\/v2\/pages\/154\/revisions"}],"predecessor-version":[{"id":185,"href":"https:\/\/statify.pluginkollektiv.org\/de\/wp-json\/wp\/v2\/pages\/154\/revisions\/185"}],"up":[{"embeddable":true,"href":"https:\/\/statify.pluginkollektiv.org\/de\/wp-json\/wp\/v2\/pages\/12"}],"wp:attachment":[{"href":"https:\/\/statify.pluginkollektiv.org\/de\/wp-json\/wp\/v2\/media?parent=154"}],"curies":[{"name":"wp","href":"https:\/\/api.w.org\/{rel}","templated":true}]}}