{"id":48,"date":"2019-03-22T12:22:09","date_gmt":"2019-03-22T11:22:09","guid":{"rendered":"https:\/\/statify.pluginkollektiv.org\/de\/?page_id=48"},"modified":"2020-09-08T14:40:12","modified_gmt":"2020-09-08T12:40:12","slug":"settings","status":"publish","type":"page","link":"https:\/\/statify.pluginkollektiv.org\/de\/documentation\/settings\/","title":{"rendered":"Einstellungen"},"content":{"rendered":"\n<p>Seit Version 1.7 kommt <em>Statify<\/em> mit einer gew\u00f6hnlichen Einstellungsseite. Das Dashboard Widget kann dar\u00fcber hinaus \u00fcber den Link &#8222;Konfigurieren&#8220; angepasst werden. In der \u00dcbersicht mit installierten Plugins verf\u00fcgt <em>Statify<\/em> \u00fcber den Link &#8222;Einstellungen&#8220;, der als Sprungmarke zu den Plugin-Optionen dient.<\/p>\n\n\n\n<h2 class=\"wp-block-heading\" id=\"global\">Globale Einstellungen<\/h2>\n\n\n\n<div class=\"wp-block-image\"><figure class=\"aligncenter size-medium\"><a href=\"https:\/\/statify.pluginkollektiv.org\/de\/wp-content\/uploads\/sites\/9\/2020\/08\/settingspage-de.png\"><img loading=\"lazy\" decoding=\"async\" width=\"224\" height=\"300\" src=\"https:\/\/statify.pluginkollektiv.org\/de\/wp-content\/uploads\/sites\/9\/2020\/08\/settingspage-de-224x300.png\" alt=\"\" class=\"wp-image-182\" srcset=\"https:\/\/statify.pluginkollektiv.org\/de\/wp-content\/uploads\/sites\/9\/2020\/08\/settingspage-de-224x300.png 224w, https:\/\/statify.pluginkollektiv.org\/de\/wp-content\/uploads\/sites\/9\/2020\/08\/settingspage-de-766x1024.png 766w, https:\/\/statify.pluginkollektiv.org\/de\/wp-content\/uploads\/sites\/9\/2020\/08\/settingspage-de-768x1027.png 768w, https:\/\/statify.pluginkollektiv.org\/de\/wp-content\/uploads\/sites\/9\/2020\/08\/settingspage-de-300x401.png 300w, https:\/\/statify.pluginkollektiv.org\/de\/wp-content\/uploads\/sites\/9\/2020\/08\/settingspage-de.png 800w\" sizes=\"auto, (max-width: 224px) 100vw, 224px\" \/><\/a><figcaption>Statify Einstellungs-Seite<\/figcaption><\/figure><\/div>\n\n\n\n<h3 class=\"wp-block-heading\" id=\"period-of-data-saving\">Zeitraum der Aufbewahrung<\/h3>\n\n\n\n<p><em>Statify<\/em> bewahrt Statistikdaten lediglich f\u00fcr eine begrenzte Anzahl an Tagen auf. Dieser Zeitraum kann mit der  Anzahl von Tagen angepasst werden.<\/p>\n\n\n\n<p>Standardm\u00e4\u00dfig zeichnet das Statistik-Plugin zwei Wochen (14 Tage) auf. Eintr\u00e4ge \u00e4lteren Datums werden zugunsten der Datenbankgr\u00f6\u00dfe gel\u00f6scht. Dazu kontrolliert ein t\u00e4glicher Cronjob das Alter des Datenbestandes und handelt bei Bedarf.<\/p>\n\n\n\n<h3 class=\"wp-block-heading\" id=\"js-tracking\">Tracking-Methode<\/h3>\n\n\n\n<p>Das Standard-Tracking kommt komplett ohne JavaScript aus. Jeder Aufruf einer von WordPress ausgelieferten Unterseite wird gez\u00e4hlt.<\/p>\n\n\n\n<p>Ist im WordPress-Blog ein Caching-Plugin wie <a href=\"https:\/\/de.wordpress.org\/plugins\/cachify\/\">Cachify<\/a> installiert, so kann <em>Statify<\/em> die Seitenaufrufe (unter Umst\u00e4nden) mit der Standardmethode nicht richtig erfassen, da Blogseiten direkt aus dem Plugin-Cache geladen weden und an <em>Statify<\/em> vor\u00fcbergehen. Daf\u00fcr ist <em>Statify<\/em> unter \u201eTracking-Methode\u201c aktivierbaren JavaScript-Tracking ausgestattet: Ein vorbereiteter JavaScript-Schnipsel wird in jede Blogseite injiziert und st\u00f6\u00dft den Tracking-Mechanismus clientseitig an.<\/p>\n\n\n\n<p>Damit diese Funktion korrekt arbeitet, muss die <em>footer.php<\/em> des Templates den Funktionsaufruf <a href=\"https:\/\/developer.wordpress.org\/reference\/functions\/wp_footer\/\"><code>wp_footer()<\/code><\/a> enthalten (abh\u00e4ngig vom eingesetzten WordPress-Theme). Au\u00dferdem m\u00fcssen Aufrufe des WordPress-Ajax-Endpunkt (<code>wp-admin\/admin-ajax.php<\/code>) erlaubt sein &#8211; das ist standardm\u00e4\u00dfig der Fall.<\/p>\n\n\n\n<p>Nach der Umstellung auf das JavaScript-Tracking sollte ggf. der Cache einmal vollst\u00e4ndig geleert werden, damit sich die \u00c4nderung sofort auf alle Unterseiten auswirkt.<\/p>\n\n\n\n<p>Bei der Verwendung langer Cachingzeiten kann es vorkommen, dass das AJAX-Tracking fehlschl\u00e4gt, da die gecachten Sicherheitstokens (sog. <a rel=\"noreferrer noopener\" href=\"https:\/\/codex.wordpress.org\/WordPress_Nonces\" target=\"_blank\">Nonces<\/a>) in den zwischengespeicherten Quelltext abgelaufen sein k\u00f6nnen. Sofern eine Erh\u00f6hung der Nonce-Lebensdauer (Standard 12 bis 24 Stunden) nicht in Frage kommt, gibt es die Option &#8222;JavaScript-basiertes Tracking ohne Nonce-Pr\u00fcfung&#8220; (seit <em>Statify<\/em> 1.8.0), die die Verifikation umgeht und <em>Statify<\/em> immer erlaubt, Zugriffe zu erfassen.<\/p>\n\n\n\n<p>Dass dieses Problem auftritt, ist in Serverlogs an Request mit Statuscode 403 erkennbar. In diesem Fall kann die <a href=\"https:\/\/codex.wordpress.org\/WordPress_Nonces#Modifying_the_nonce_lifetime\" target=\"_blank\" rel=\"noreferrer noopener\">Nonce-G\u00fcltigkeitsdauer erh\u00f6ht<\/a>, die Cachingdauer reduziert oder die Nonce-Pr\u00fcfung deaktiviert werden.<\/p>\n\n\n\n<hr class=\"wp-block-separator\" \/>\n\n\n\n<h2 class=\"wp-block-heading\" id=\"widget\">Dashboard-Widget<\/h2>\n\n\n\n<p>Die folgenden Einstellungen betreffen das Dashboard-Widget. Sie k\u00f6nnen sowohl auf der Einstellungsseite, als auch auf der R\u00fcckseite des Widgets selbst angepasst werden.<\/p>\n\n\n\n<div class=\"wp-block-image\"><figure class=\"aligncenter size-medium\"><a href=\"https:\/\/statify.pluginkollektiv.org\/de\/wp-content\/uploads\/sites\/9\/2020\/05\/widgetsettings-de.png\"><img loading=\"lazy\" decoding=\"async\" width=\"300\" height=\"198\" src=\"https:\/\/statify.pluginkollektiv.org\/de\/wp-content\/uploads\/sites\/9\/2020\/05\/widgetsettings-de-300x198.png\" alt=\"\" class=\"wp-image-107\" srcset=\"https:\/\/statify.pluginkollektiv.org\/de\/wp-content\/uploads\/sites\/9\/2020\/05\/widgetsettings-de-300x198.png 300w, https:\/\/statify.pluginkollektiv.org\/de\/wp-content\/uploads\/sites\/9\/2020\/05\/widgetsettings-de.png 504w\" sizes=\"auto, (max-width: 300px) 100vw, 300px\" \/><\/a><figcaption>Einstellungen im Dashboard-Widget<\/figcaption><\/figure><\/div>\n\n\n\n<h3 class=\"period-of-data-display wp-block-heading\">Zeitraum f\u00fcr die Anzeige<\/h3>\n\n\n\n<p>Seit Version 1.7 ist es m\u00f6glich, das Intervall zur Anzeige unabh\u00e4ngig vom <a href=\"#period-of-data-saving\">Zeitraum der Aufbewahrung<\/a> zu konfigurieren.<\/p>\n\n\n\n<p>Standardm\u00e4\u00dfig werden ebenso zwei Wochen angezeigt. <\/p>\n\n\n\n<h3 class=\"wp-block-heading\" id=\"number-of-entries-in-top-list\">Anzahl der Eintr\u00e4ge in der Bestenliste<\/h3>\n\n\n\n<p>Menge an Links, die in der Bestenliste (<em>Beste Quellen<\/em>, <em>Beste Inhalte<\/em>) dargestellt werden sollen. Standardwert ist <em>3<\/em>.<\/p>\n\n\n\n<h3 class=\"wp-block-heading\" id=\"top-lists-only-today\">Eintr\u00e4ge in der Bestenliste nur von heute<\/h3>\n\n\n\n<p>Die in <em>Statify 0.8<\/em> hinzugekommene Auswahlm\u00f6glichkeit reduziert die Anzeige der Eintr\u00e4ge in Bestenlisten auf den aktuellen Tag. <strong>Wichtig:<\/strong> Die gespeicherten Datens\u00e4tze der Vortage gehen nicht verloren.<\/p>\n\n\n\n<p>Im aktiven Zustand verschafft die Funktion einen schnellen \u00dcberblick \u00fcber die Top-Platzierungen des heutigen Tages. Abgeschaltet (Standard) listet das Plugin Bestwerte des Gesamtzeitraumes auf.<\/p>\n\n\n\n<h3 class=\"wp-block-heading\" id=\"show-totals\">Zeige Gesamtzahlen<\/h3>\n\n\n\n<p>Diese Option, eingef\u00fchrt in <em>Statify<\/em> 1.7, erm\u00f6glicht die Anzeige der Gesamtzahl an Aufrufen, die in der Datenbank gespeichert sind, sowie das Datum des \u00e4ltesten verf\u00fcgbaren Eintrages.<\/p>\n\n\n\n<hr class=\"wp-block-separator\" \/>\n\n\n\n<h2 class=\"wp-block-heading\" id=\"skip-tracking\">Tracking ausschlie\u00dfen<\/h2>\n\n\n\n<p>Dieser Abschnitt erlaubt die Konfiguration, welche Aufrufe nicht erfasst werden sollen. Mit dem <a href=\"https:\/\/statify.pluginkollektiv.org\/de\/documentation\/hooks\/\">Hook<\/a> <code>statify__skip_tracking<\/code> k\u00f6nnen eigene Regeln, welche Aufrufe getrackt werden sollen und welche nicht, implementiert werden.<\/p>\n\n\n\n<h3 class=\"wp-block-heading\" id=\"blacklisted-referrers\">Verweise aus der Liste der nicht erlaubten Verweise<\/h3>\n\n\n\n<p>Ist diese Option aktiviert, werden Aufrufe mit Verweisen (Referrer) aus der Kommentar-Verweise (vormals Blacklist) aus.<\/p>\n\n\n\n<h3 class=\"wp-block-heading\" id=\"logged-in-users\">Angemeldete Benutzer<\/h3>\n\n\n\n<p>Aufrufe von gerade angemeldeten Benutzern wurden bislang von der Z\u00e4hlung ausgeschlossen. Seit <em>Statify<\/em> 1.7 ist es m\u00f6glich, das Tracking f\u00fcr diese Benutzer freizuschalten, indem diese Option deaktiviert wird (standardm\u00e4\u00dfig aktiv).<\/p>\n","protected":false},"excerpt":{"rendered":"<p>Seit Version 1.7 kommt Statify mit einer gew\u00f6hnlichen Einstellungsseite. Das Dashboard Widget kann dar\u00fcber hinaus \u00fcber den Link &#8222;Konfigurieren&#8220; angepasst werden. In der \u00dcbersicht mit installierten Plugins verf\u00fcgt Statify \u00fcber den Link &#8222;Einstellungen&#8220;, der als Sprungmarke zu den Plugin-Optionen dient. Globale Einstellungen Zeitraum der Aufbewahrung Statify bewahrt Statistikdaten lediglich f\u00fcr eine begrenzte Anzahl an Tagen &hellip;<\/p>\n","protected":false},"author":1,"featured_media":0,"parent":12,"menu_order":0,"comment_status":"closed","ping_status":"closed","template":"","meta":{"footnotes":""},"class_list":["post-48","page","type-page","status-publish","hentry","post","without-featured-image"],"_links":{"self":[{"href":"https:\/\/statify.pluginkollektiv.org\/de\/wp-json\/wp\/v2\/pages\/48","targetHints":{"allow":["GET"]}}],"collection":[{"href":"https:\/\/statify.pluginkollektiv.org\/de\/wp-json\/wp\/v2\/pages"}],"about":[{"href":"https:\/\/statify.pluginkollektiv.org\/de\/wp-json\/wp\/v2\/types\/page"}],"author":[{"embeddable":true,"href":"https:\/\/statify.pluginkollektiv.org\/de\/wp-json\/wp\/v2\/users\/1"}],"replies":[{"embeddable":true,"href":"https:\/\/statify.pluginkollektiv.org\/de\/wp-json\/wp\/v2\/comments?post=48"}],"version-history":[{"count":15,"href":"https:\/\/statify.pluginkollektiv.org\/de\/wp-json\/wp\/v2\/pages\/48\/revisions"}],"predecessor-version":[{"id":198,"href":"https:\/\/statify.pluginkollektiv.org\/de\/wp-json\/wp\/v2\/pages\/48\/revisions\/198"}],"up":[{"embeddable":true,"href":"https:\/\/statify.pluginkollektiv.org\/de\/wp-json\/wp\/v2\/pages\/12"}],"wp:attachment":[{"href":"https:\/\/statify.pluginkollektiv.org\/de\/wp-json\/wp\/v2\/media?parent=48"}],"curies":[{"name":"wp","href":"https:\/\/api.w.org\/{rel}","templated":true}]}}