{"id":54,"date":"2019-03-22T12:24:21","date_gmt":"2019-03-22T11:24:21","guid":{"rendered":"https:\/\/statify.pluginkollektiv.org\/de\/?page_id=54"},"modified":"2020-05-24T21:24:47","modified_gmt":"2020-05-24T19:24:47","slug":"installation","status":"publish","type":"page","link":"https:\/\/statify.pluginkollektiv.org\/de\/documentation\/installation\/","title":{"rendered":"Installation"},"content":{"rendered":"\n<p><em>Statify<\/em> kann jederzeit im offiziellen WordPress-Pluginverzeichnis <a href=\"https:\/\/de.wordpress.org\/plugins\/statify\/\">heruntergeladen<\/a> werden. Alternativ erfolgt die Installation direkt in WordPress im Administrationsbereich \u201ePlugins\u201c \u2192 \u201eInstallieren\u201c: Nach \u201e<em>Statify<\/em>\u201c suchen, ausw\u00e4hlen, installieren.<\/p>\n\n\n\n<p>Nach der erfolgreichen Aktivierung des Plugins k\u00f6nnen die <a href=\"https:\/\/statify.pluginkollektiv.org\/de\/documentation\/settings\/\">Einstellungen<\/a> angepasst werden. Im Auslieferungszustand verf\u00fcgt <em>Statify<\/em> \u00fcber vordefinierte Optionen, so dass der Betrieb automatisch aufgenommen wird.<\/p>\n","protected":false},"excerpt":{"rendered":"<p>Statify kann jederzeit im offiziellen WordPress-Pluginverzeichnis heruntergeladen werden. Alternativ erfolgt die Installation direkt in WordPress im Administrationsbereich \u201ePlugins\u201c \u2192 \u201eInstallieren\u201c: Nach \u201eStatify\u201c suchen, ausw\u00e4hlen, installieren. Nach der erfolgreichen Aktivierung des Plugins k\u00f6nnen die Einstellungen angepasst werden. Im Auslieferungszustand verf\u00fcgt Statify \u00fcber vordefinierte Optionen, so dass der Betrieb automatisch aufgenommen wird.<\/p>\n","protected":false},"author":1,"featured_media":0,"parent":12,"menu_order":0,"comment_status":"closed","ping_status":"closed","template":"","meta":{"footnotes":""},"class_list":["post-54","page","type-page","status-publish","hentry","post","without-featured-image"],"_links":{"self":[{"href":"https:\/\/statify.pluginkollektiv.org\/de\/wp-json\/wp\/v2\/pages\/54","targetHints":{"allow":["GET"]}}],"collection":[{"href":"https:\/\/statify.pluginkollektiv.org\/de\/wp-json\/wp\/v2\/pages"}],"about":[{"href":"https:\/\/statify.pluginkollektiv.org\/de\/wp-json\/wp\/v2\/types\/page"}],"author":[{"embeddable":true,"href":"https:\/\/statify.pluginkollektiv.org\/de\/wp-json\/wp\/v2\/users\/1"}],"replies":[{"embeddable":true,"href":"https:\/\/statify.pluginkollektiv.org\/de\/wp-json\/wp\/v2\/comments?post=54"}],"version-history":[{"count":4,"href":"https:\/\/statify.pluginkollektiv.org\/de\/wp-json\/wp\/v2\/pages\/54\/revisions"}],"predecessor-version":[{"id":169,"href":"https:\/\/statify.pluginkollektiv.org\/de\/wp-json\/wp\/v2\/pages\/54\/revisions\/169"}],"up":[{"embeddable":true,"href":"https:\/\/statify.pluginkollektiv.org\/de\/wp-json\/wp\/v2\/pages\/12"}],"wp:attachment":[{"href":"https:\/\/statify.pluginkollektiv.org\/de\/wp-json\/wp\/v2\/media?parent=54"}],"curies":[{"name":"wp","href":"https:\/\/api.w.org\/{rel}","templated":true}]}}