{"id":56,"date":"2019-03-22T12:24:50","date_gmt":"2019-03-22T11:24:50","guid":{"rendered":"https:\/\/statify.pluginkollektiv.org\/de\/?page_id=56"},"modified":"2020-12-09T13:38:15","modified_gmt":"2020-12-09T12:38:15","slug":"faq","status":"publish","type":"page","link":"https:\/\/statify.pluginkollektiv.org\/de\/documentation\/faq\/","title":{"rendered":"FAQ"},"content":{"rendered":"\n<p>Hat das Online-Handbuch nicht alle Fragen beantwortet? Vielleicht \nhelfen die nachfolgenden Antworten auf die h\u00e4ufig gestellten Fragen.<\/p>\n\n\n\n<h2 class=\"wp-block-heading\">Welche Bereiche sind von der Z\u00e4hlung ausgenommen?<\/h2>\n\n\n\n<p>Folgende Aufrufe werden bei der Z\u00e4hlung durch <em>Statify<\/em> nicht ber\u00fccksichtigt:<\/p>\n\n\n\n<ul class=\"wp-block-list\"><li>Feeds<\/li><li>Trackbacks<\/li><li>Suche<\/li><li>Vorschau<\/li><li>Aufrufe durch eingeloggte Nutzer (sofern nicht auf der Einstellungsseite aktiviert)<\/li><li>Fehlerseiten<\/li><li>Weiterleitungen auf favicon.ico<\/li><\/ul>\n\n\n\n<p>Mithilfe des Plugin-Hooks <code><a href=\"https:\/\/statify.pluginkollektiv.org\/de\/documentation\/hooks\/#skip_tracking\">statify_skip_tracking<\/a><\/code> kann das Tracking der Seitenaufrufe manuell beeinflusst werden.<\/p>\n\n\n\n<hr class=\"wp-block-separator\" \/>\n\n\n\n<h2 class=\"wp-block-heading\">K\u00f6nnen weitere Besucherdaten erfasst werden?<\/h2>\n\n\n\n<p>Einige Plugin-Nutzer w\u00fcnschen sich Erfassung weiterer Besucherdaten wie z.B. Ger\u00e4tename und Aufl\u00f6sung. Da <em>Statify<\/em> ausschlie\u00dflich Seitenaufrufe und keine Besucher z\u00e4hlt, kommt die gew\u00fcnschte Datenerfassung nicht in Frage.<\/p>\n\n\n\n<hr class=\"wp-block-separator\" \/>\n\n\n\n<h2 class=\"wp-block-heading\">Wie \u00e4ndere ich, wer das Dashboard Widget sehen darf?<\/h2>\n\n\n\n<p>Standardm\u00e4\u00dfig k\u00f6nnen nur Administratoren das Widget sehen. Dieses kann mit dem&nbsp;<code><a href=\"https:\/\/statify.pluginkollektiv.org\/de\/documentation\/hooks\/#user_can_see_stats\">statify__user_can_see_stats<\/a><\/code>&nbsp;Hook angepasst werden.<\/p>\n\n\n\n<p><strong>Beispiel:<\/strong><\/p>\n\n\n<pre class=\"wp-block-code\" aria-describedby=\"shcb-language-1\" data-shcb-language-name=\"PHP\" data-shcb-language-slug=\"php\"><span><code class=\"hljs language-php\">add_filter(\n    <span class=\"hljs-string\">'statify__user_can_see_stats'<\/span>,\n    <span class=\"hljs-string\">'__return_true'<\/span>\n);<\/code><\/span><small class=\"shcb-language\" id=\"shcb-language-1\"><span class=\"shcb-language__label\">Code-Sprache:<\/span> <span class=\"shcb-language__name\">PHP<\/span> <span class=\"shcb-language__paren\">(<\/span><span class=\"shcb-language__slug\">php<\/span><span class=\"shcb-language__paren\">)<\/span><\/small><\/pre>\n\n\n<p>muss in die&nbsp;<em>functions.php<\/em>&nbsp;des Themes eingef\u00fcgt und an eigene W\u00fcnsche angepasst werden. Dieses Beispiel erlaubt allen Benutzern, das Widget anzusehen.<\/p>\n\n\n\n<p>Das Bearbeiten der Plugin-Einstellungen im Widget bleibt weiterhin ausschlie\u00dflich Anwendern mit der Benutzerrechten&nbsp;<em><a href=\"https:\/\/wordpress.org\/support\/article\/roles-and-capabilities\/#edit_dashboard\">edit_dashboard<\/a><\/em> vorbehalten.<\/p>\n\n\n\n<hr class=\"wp-block-separator\" \/>\n\n\n\n<h2 class=\"wp-block-heading\">Wie stelle ich ein, dass Aufrufe f\u00fcr bestimmte Benutzer oder Seiten nicht mitgez\u00e4hlt werden?<\/h2>\n\n\n\n<p>Die Bedingungen zum Z\u00e4hlen von Aufrufen k\u00f6nnen \u00fcber den Hook&nbsp;<code><a href=\"https:\/\/statify.pluginkollektiv.org\/de\/documentation\/hooks\/#skip_tracking\">statify__skip_tracking<\/a><\/code>&nbsp;in Abh\u00e4ngigkeit von Inhaltstyp und Berechtigungen festgelegt werden.<\/p>\n\n\n\n<p><strong>Beispiel:<\/strong><\/p>\n\n\n<pre class=\"wp-block-code\" aria-describedby=\"shcb-language-2\" data-shcb-language-name=\"PHP\" data-shcb-language-slug=\"php\"><span><code class=\"hljs language-php\">add_filter(\n    <span class=\"hljs-string\">'statify__skip_tracking'<\/span>,\n    <span class=\"hljs-function\"><span class=\"hljs-keyword\">function<\/span><span class=\"hljs-params\">( $previous_result )<\/span> <\/span>{\n        <span class=\"hljs-keyword\">if<\/span> ( condition ) {\n            <span class=\"hljs-keyword\">return<\/span> <span class=\"hljs-keyword\">true<\/span>;\n        }\n\n        <span class=\"hljs-keyword\">return<\/span> <span class=\"hljs-keyword\">false<\/span>;\n    }\n);<\/code><\/span><small class=\"shcb-language\" id=\"shcb-language-2\"><span class=\"shcb-language__label\">Code-Sprache:<\/span> <span class=\"shcb-language__name\">PHP<\/span> <span class=\"shcb-language__paren\">(<\/span><span class=\"shcb-language__slug\">php<\/span><span class=\"shcb-language__paren\">)<\/span><\/small><\/pre>\n\n\n<p>muss in die&nbsp;<em>functions.php<\/em>&nbsp;des Themes eingef\u00fcgt und an eigene W\u00fcnsche angepasst werden. Die Bedingung muss angepasst werden, sodass die Methode genau dann true zur\u00fcckgibt, wenn der Aufruf ignoriert werden soll.<\/p>\n\n\n\n<hr class=\"wp-block-separator\" \/>\n\n\n\n<h2 class=\"wp-block-heading\">Welche Erweiterungen gibt es f\u00fcr dieses Plugin?<\/h2>\n\n\n\n<ul class=\"wp-block-list\"><li><a href=\"https:\/\/de.wordpress.org\/plugins\/extended-evaluation-for-statify\/\">Statify \u2013 Extended Evaluation<\/a>\u00a0f\u00fcr eine ausf\u00fchrlichere Auswertung und eine Export-Funktion<\/li><li><a href=\"https:\/\/de.wordpress.org\/plugins\/statify-widget\/\">Statify Widget<\/a>\u00a0zur Anzeige der beliebtesten Inhalte<\/li><li><a href=\"https:\/\/de.wordpress.org\/plugins\/statify-blacklist\/\">Statify Filter<\/a>\u00a0zur Definition benutzerdefinierter Filter f\u00fcr Spamquellen<\/li><\/ul>\n\n\n\n<p><\/p>\n","protected":false},"excerpt":{"rendered":"<p>Hat das Online-Handbuch nicht alle Fragen beantwortet? Vielleicht helfen die nachfolgenden Antworten auf die h\u00e4ufig gestellten Fragen. Welche Bereiche sind von der Z\u00e4hlung ausgenommen? Folgende Aufrufe werden bei der Z\u00e4hlung durch Statify nicht ber\u00fccksichtigt: Feeds Trackbacks Suche Vorschau Aufrufe durch eingeloggte Nutzer (sofern nicht auf der Einstellungsseite aktiviert) Fehlerseiten Weiterleitungen auf favicon.ico Mithilfe des Plugin-Hooks &hellip;<\/p>\n","protected":false},"author":1,"featured_media":0,"parent":12,"menu_order":0,"comment_status":"closed","ping_status":"closed","template":"","meta":{"footnotes":""},"class_list":["post-56","page","type-page","status-publish","hentry","post","without-featured-image"],"_links":{"self":[{"href":"https:\/\/statify.pluginkollektiv.org\/de\/wp-json\/wp\/v2\/pages\/56","targetHints":{"allow":["GET"]}}],"collection":[{"href":"https:\/\/statify.pluginkollektiv.org\/de\/wp-json\/wp\/v2\/pages"}],"about":[{"href":"https:\/\/statify.pluginkollektiv.org\/de\/wp-json\/wp\/v2\/types\/page"}],"author":[{"embeddable":true,"href":"https:\/\/statify.pluginkollektiv.org\/de\/wp-json\/wp\/v2\/users\/1"}],"replies":[{"embeddable":true,"href":"https:\/\/statify.pluginkollektiv.org\/de\/wp-json\/wp\/v2\/comments?post=56"}],"version-history":[{"count":6,"href":"https:\/\/statify.pluginkollektiv.org\/de\/wp-json\/wp\/v2\/pages\/56\/revisions"}],"predecessor-version":[{"id":200,"href":"https:\/\/statify.pluginkollektiv.org\/de\/wp-json\/wp\/v2\/pages\/56\/revisions\/200"}],"up":[{"embeddable":true,"href":"https:\/\/statify.pluginkollektiv.org\/de\/wp-json\/wp\/v2\/pages\/12"}],"wp:attachment":[{"href":"https:\/\/statify.pluginkollektiv.org\/de\/wp-json\/wp\/v2\/media?parent=56"}],"curies":[{"name":"wp","href":"https:\/\/api.w.org\/{rel}","templated":true}]}}