{"id":77,"date":"2019-03-22T14:24:31","date_gmt":"2019-03-22T13:24:31","guid":{"rendered":"https:\/\/statify.pluginkollektiv.org\/de\/?page_id=77"},"modified":"2021-12-29T14:10:28","modified_gmt":"2021-12-29T13:10:28","slug":"changelog","status":"publish","type":"page","link":"https:\/\/statify.pluginkollektiv.org\/de\/documentation\/changelog\/","title":{"rendered":"\u00c4nderungshistorie"},"content":{"rendered":"\n<p>Im Folgenden sind alle nennenswerten \u00c4nderungen an <em>Statify<\/em> aufgef\u00fchrt. Das Projekt folgt&nbsp;<a href=\"https:\/\/semver.org\/lang\/de\/\">Semantic Versioning<\/a>.<\/p>\n\n\n\n<h3 class=\"wp-block-heading\" id=\"1.8.0\">1.8.0 \/\/ 08.08.2020<\/h3>\n\n\n\n<ul class=\"wp-block-list\"><li>Datumsabweichung im Dashboard Widget in WP 5.3+ Umgebungen mit gemischten Zeitzonen korrigiert (<a href=\"https:\/\/github.com\/pluginkollektiv\/statify\/pull\/167\">#167<\/a>)<\/li><li>M\u00f6glichkeit, die Nonce-Pr\u00fcfung bei JavaScript Tracking zu deaktivieren (<a href=\"https:\/\/github.com\/pluginkollektiv\/statify\/pull\/168\">#168<\/a>)<\/li><li>Unterst\u00fctzung f\u00fcr die Option &#8222;disallowed_keys&#8220; anstelle von &#8222;blacklist_keys&#8220; in <em>WordPress<\/em> 5.5 (<a href=\"https:\/\/github.com\/pluginkollektiv\/statify\/pull\/174\">#174<\/a>)<\/li><li>Button zur Aktualisierung des Dashboards hinzugef\u00fcgt, Caching-Zeit verl\u00e4ngert (<a href=\"https:\/\/github.com\/pluginkollektiv\/statify\/issues\/157\">#157<\/a>) (<a href=\"https:\/\/github.com\/pluginkollektiv\/statify\/pull\/175\">#175<\/a>)<\/li><\/ul>\n\n\n\n<hr class=\"wp-block-separator\"\/>\n\n\n\n<h3 class=\"wp-block-heading\" id=\"1.7.2\">1.7.2 \/\/ 17.06.2020<\/h3>\n\n\n\n<ul class=\"wp-block-list\"><li>Verhindern eines Fehlers 400 bei JavaScript Tracking f\u00fcr angemeldete Benutzer, falls deaktiviert (<a href=\"https:\/\/github.com\/pluginkollektiv\/statify\/pull\/159\">#159<\/a>)<\/li><li>Verwendung von <code>wp_die()<\/code> anstelle von <code>header<\/code> und <code>exit<\/code> bei AJAX Aufrufen (<a href=\"https:\/\/github.com\/pluginkollektiv\/statify\/pull\/160\">#160<\/a>)<\/li><li>Korrektur der 1-Tag Abweichung zwischen Anzeigezeitraum und der Anzahl ausgewerteter Tage in den Toplisten (<a href=\"https:\/\/github.com\/pluginkollektiv\/statify\/pull\/162\">#162<\/a>)<\/li><\/ul>\n\n\n\n<h3 class=\"wp-block-heading\" id=\"1.7.1\">1.7.1 \/\/ 18.05.2020<a href=\"https:\/\/github.com\/pluginkollektiv\/statify\/blob\/develop\/CHANGELOG.md#128--19042014\"><\/a><\/h3>\n\n\n\n<ul class=\"wp-block-list\"><li>Aktualisierung des Dashboard-Widgets nach dem Speichern der Einstellungen \u00fcber die Einstellungsseite korrigiert (<a href=\"https:\/\/github.com\/pluginkollektiv\/statify\/issues\/147\">#147<\/a>)<\/li><li>Korrektur eines Fehlers, durch den der&nbsp;<em>Cachify<\/em>&nbsp;Cache bei \u00c4nderung der JavaScript Einstellungen nicht geleert wurde (<a href=\"https:\/\/github.com\/pluginkollektiv\/statify\/issues\/152\">#152<\/a>)<\/li><li>Inkonsistenz beim Datum der Gesamtzahlen korrigiert (<a href=\"https:\/\/github.com\/pluginkollektiv\/statify\/pull\/150\">#150<\/a>)<\/li><li>User Agent Filter zur Bot-Erkennung erweitert (<a href=\"https:\/\/github.com\/pluginkollektiv\/statify\/issues\/149\">#149<\/a>) (<a href=\"https:\/\/github.com\/pluginkollektiv\/statify\/pull\/151\">#151<\/a>)<\/li><li>Tooltip-Bibliothek aktualisiert (enth\u00e4lt Fehlerkorrektur im IE 11)&nbsp; (<a href=\"https:\/\/github.com\/pluginkollektiv\/statify\/pull\/156\">#156<\/a>)<\/li><\/ul>\n\n\n\n<h3 class=\"wp-block-heading\" id=\"1.7.0\">1.7.0 \/\/ 11.05.2020<a href=\"https:\/\/github.com\/pluginkollektiv\/statify\/blob\/develop\/CHANGELOG.md#128--19042014\"><\/a><\/h3>\n\n\n\n<ul class=\"wp-block-list\"><li>JavaScript-Einbettung korrigiert, falls Bots vor dem Caching zugreifen (<a href=\"https:\/\/github.com\/pluginkollektiv\/statify\/issues\/84\">#84<\/a>) (<a href=\"https:\/\/github.com\/pluginkollektiv\/statify\/pull\/86\">#86<\/a>)<\/li><li>Fix offset in visitor reporting due to different timezones between PHP and database (<a href=\"https:\/\/github.com\/pluginkollektiv\/statify\/pull\/117\">#117<\/a>, props&nbsp;<a href=\"https:\/\/github.com\/sophiehuiberts\">@sophiehuiberts<\/a>)<\/li><li>Fix untranslatable support link (<a href=\"https:\/\/github.com\/pluginkollektiv\/statify\/issues\/122\">#122<\/a>) (<a href=\"https:\/\/github.com\/pluginkollektiv\/statify\/pull\/126\">#126<\/a>, props&nbsp;<a href=\"https:\/\/github.com\/arkonisus\">@arkonisus<\/a>)<\/li><li>Separate Einstellungsseite hinzugef\u00fcgt und die R\u00fcckseite des Widgets auf die Widget-Einstellungen beschr\u00e4nkt (<a href=\"https:\/\/github.com\/pluginkollektiv\/statify\/pull\/111\">#111<\/a>)<\/li><li>Option zum Tracking eingeloggter Benutzer hinzugef\u00fcgt (<a href=\"https:\/\/github.com\/pluginkollektiv\/statify\/issues\/103\">#103<\/a>) (<a href=\"https:\/\/github.com\/pluginkollektiv\/statify\/pull\/111\">#111<\/a>)<\/li><li>Add option to show total visits (<a href=\"https:\/\/github.com\/pluginkollektiv\/statify\/pull\/134\">#134<\/a>, props&nbsp;<a href=\"https:\/\/github.com\/yurihs\">@yurihs<\/a>)<\/li><li>JavaScript-Tracking \u00fcberarbeitet unter Verwendung von WP AJAX (<a href=\"https:\/\/github.com\/pluginkollektiv\/statify\/pull\/109\">#109<\/a>) (<a href=\"https:\/\/github.com\/pluginkollektiv\/statify\/pull\/142\">#142<\/a>)<\/li><li>Neue Option eingef\u00fchrt, um den Anzeige- und Speicherbereich zu trennen (<a href=\"https:\/\/github.com\/pluginkollektiv\/statify\/pull\/72\">#72<\/a>)<\/li><li>Automatically add AMP analytics trigger if official AMP PlugIn is installed (<a href=\"https:\/\/github.com\/pluginkollektiv\/statify\/issues\/110\">#110<\/a>) (<a href=\"https:\/\/github.com\/pluginkollektiv\/statify\/pull\/116\">#116<\/a>, props&nbsp;<a href=\"https:\/\/github.com\/tthemann\">@tthemann<\/a>)<\/li><li>Dashboard widget is now scrollable with dynamic point radius to keep long-term statistics readable (<a href=\"https:\/\/github.com\/pluginkollektiv\/statify\/pull\/71\">#71<\/a>) (<a href=\"https:\/\/github.com\/pluginkollektiv\/statify\/pull\/101\">#101<\/a>, props&nbsp;<a href=\"https:\/\/github.com\/manumeter\">@manumeter<\/a>)<\/li><li>Bot-Erkennung verbessert (<a href=\"https:\/\/github.com\/pluginkollektiv\/statify\/issues\/112\">#112<\/a>) (<a href=\"https:\/\/github.com\/pluginkollektiv\/statify\/pull\/125\">#125<\/a>, props&nbsp;<a href=\"https:\/\/github.com\/mahype\">@mahype<\/a>)<\/li><li>Chartist JS Bibliothek f\u00fcr das Dashboard Widget aktualisiert (<a href=\"https:\/\/github.com\/pluginkollektiv\/statify\/pull\/132\">#132<\/a>)<\/li><li>Tracking von favicon.ico Weiterleitungen (seit WP 5.4) unterbinden (<a href=\"https:\/\/github.com\/pluginkollektiv\/statify\/pull\/144\">#144<\/a>)<\/li><li>Getestet bis WordPress 5.4<\/li><\/ul>\n\n\n\n<hr class=\"wp-block-separator\"\/>\n\n\n\n<h3 class=\"wp-block-heading\" id=\"1.6.3\">1.6.3 \/\/ 31.05.2018<a href=\"https:\/\/github.com\/pluginkollektiv\/statify\/blob\/develop\/CHANGELOG.md#128--19042014\"><\/a><\/h3>\n\n\n\n<ul class=\"wp-block-list\"><li>Kompatibilit\u00e4tsproblem mit einigen PHP Versionen behoben, die&nbsp;<code>INPUT_SERVER<\/code>&nbsp;nicht bef\u00fcllen<\/li><li>Fehlerhafte Blacklist-Pr\u00fcfung f\u00fcr leere Referrer behoben<\/li><li>JS Aufruf unterbricht den Seitenaufbau korrekt, wenn kein Tracking erfolgt<\/li><\/ul>\n\n\n\n<h3 class=\"wp-block-heading\" id=\"1.6.2\">1.6.2 \/\/ 23.05.2018<a href=\"https:\/\/github.com\/pluginkollektiv\/statify\/blob\/develop\/CHANGELOG.md#128--19042014\"><\/a><\/h3>\n\n\n\n<ul class=\"wp-block-list\"><li>Fehlerbehebung: Kompatiblit\u00e4t mit JavaScript-Optimierungs-Plugins<\/li><li>Fehlerbehebung: Tracking, wenn JavaScript-Tracking deaktiviert ist<\/li><\/ul>\n\n\n\n<h3 class=\"wp-block-heading\" id=\"1.6.1\">1.6.1 \/\/ 22.05.2018<a href=\"https:\/\/github.com\/pluginkollektiv\/statify\/blob\/develop\/CHANGELOG.md#128--19042014\"><\/a><\/h3>\n\n\n\n<ul class=\"wp-block-list\"><li>Skalierung der Punkte im Dashboard-Widget f\u00fcr bessere Lesbarkeit bei gro\u00dfer Anzahl an Eintr\u00e4gen<\/li><li>Fehlerbehebung f\u00fcr die Anzeige der y-Achsenbeschriftung bei gro\u00dfen Zahlen<\/li><li>JavaScript source maps hinzugef\u00fcgt, um Warnungen in Developer Tools zu vermeiden<\/li><li>Eigene JavaScript-Datei f\u00fcr Tracking-Skript<\/li><li>JavaScript-Snippet im Quelltext auch wenn der Seitenaufruf nicht getrackt wird (f\u00fcr Kompatiblit\u00e4t mit Caching-Plugins)<\/li><li>Verbesserung des Codestils<\/li><li>Nonce-Verifikation im Dashboard-Widget gegen CSRF<\/li><\/ul>\n\n\n\n<h3 class=\"wp-block-heading\" id=\"1.6.0\">1.6.0 \/\/ 05.03.2018<a href=\"https:\/\/github.com\/pluginkollektiv\/statify\/blob\/develop\/CHANGELOG.md#128--19042014\"><\/a><\/h3>\n\n\n\n<ul class=\"wp-block-list\"><li>Hook <code>statify__visit_saved<\/code> hinzugef\u00fcgt, der bei jedem Hinzuf\u00fcgen eines Eintrags in die Datenbank getriggert wird.<\/li><li>Dashboard-Diagramm zu Chartist migriert.<\/li><li>Fehler im JavaScript-Tracking bei aktivem <em>X-Content-Type: nosniff<\/em> behoben.<\/li><\/ul>\n\n\n\n<hr class=\"wp-block-separator\"\/>\n\n\n\n<h3 class=\"wp-block-heading\" id=\"1.5.3\">1.5.3 \/\/ 28.11.2017<a href=\"https:\/\/github.com\/pluginkollektiv\/statify\/blob\/develop\/CHANGELOG.md#128--19042014\"><\/a><\/h3>\n\n\n\n<ul class=\"wp-block-list\"><li>Javascript Bibliothek zur Behebung einiger Probleme ersetzt (<a href=\"https:\/\/github.com\/pluginkollektiv\/statify\/issues\/52\">#52<\/a>)<\/li><\/ul>\n\n\n\n<h3 class=\"wp-block-heading\" id=\"1.5.2\">1.5.2 \/\/ 15.08.2017<a href=\"https:\/\/github.com\/pluginkollektiv\/statify\/blob\/develop\/CHANGELOG.md#128--19042014\"><\/a><\/h3>\n\n\n\n<ul class=\"wp-block-list\"><li>Auf minimale WordPress Version 4.7 gewechselt, nicht mehr erforderlichen Fallback Code entfernt<\/li><\/ul>\n\n\n\n<h3 class=\"wp-block-heading\" id=\"1.5.1\">1.5.1 \/\/ 04.05.2017<a href=\"https:\/\/github.com\/pluginkollektiv\/statify\/blob\/develop\/CHANGELOG.md#128--19042014\"><\/a><\/h3>\n\n\n\n<ul class=\"wp-block-list\"><li>Fehlerkorrektur: Filter zum Ausschluss des Trackings bei Verwendung von JavaScript Tracking korrekt beachten.<\/li><li>Fehlerkorrektur: PHP Hinweis bei leerem Blacklist Inhalt.<\/li><\/ul>\n\n\n\n<h3 class=\"wp-block-heading\" id=\"1.5.0\">1.5.0 \/\/ 03.03.2017<a href=\"https:\/\/github.com\/pluginkollektiv\/statify\/blob\/develop\/CHANGELOG.md#128--19042014\"><\/a><\/h3>\n\n\n\n<ul class=\"wp-block-list\"><li>Auf minimale PHP Version 5.3 gewechselt<\/li><li>Flexiblere Einstellung f\u00fcr den Zeitraum zur Datenspeicherung und die Anzahl von Eintr\u00e4gen in den Top-Listen eingef\u00fchrt<\/li><li>Validierung von Formulardaten vor der Speicherung hinzugef\u00fcgt<\/li><li>Gesamte Dokumentation auf <a href=\"https:\/\/de.wordpress.org\/plugins\/statify\/\">wordpress.org<\/a> \u00fcberf\u00fchrt.<\/li><li>Optionalen Schutz gegen Referrer Spam hinzugef\u00fcgt (kann in den <em>Statify<\/em> Einstellungen aktiviert werden).<\/li><li>Konformit\u00e4t mit den WordPress Coding Richtlinien verbessert<\/li><li>Fehlerkorrektur f\u00fcr Multisite Installationen: Netzwerk-Admininstrations-URL nicht tracken.<\/li><li>Hook Namen&nbsp;<code>statify_skip_tracking<\/code> zu&nbsp;<code>statify__skip_tracking<\/code> ge\u00e4ndert.<\/li><\/ul>\n\n\n\n<hr class=\"wp-block-separator\"\/>\n\n\n\n<h3 class=\"wp-block-heading\" id=\"1.4.3\">1.4.3 \/\/ 15.08.2016<a href=\"https:\/\/github.com\/pluginkollektiv\/statify\/blob\/develop\/CHANGELOG.md#128--19042014\"><\/a><\/h3>\n\n\n\n<ul class=\"wp-block-list\"><li>Tracking und Darstellung auf Mutlsites korrigiert<\/li><li>Kleinere CSS Korrekturen im Dashboard Widget<\/li><li>Veraltete Links entfernt und URLs f\u00fcr Spenden und Wiki-Links aktualisiert<\/li><li>Administrative Updates an Plugin Header und README<\/li><li><a href=\"https:\/\/gist.github.com\/glueckpress\/f058c0ab973d45a72720\">Plugin Autoren<\/a> aktualisiert<\/li><\/ul>\n\n\n\n<h3 class=\"wp-block-heading\" id=\"1.4.2\">1.4.2 \/\/ 01.05.2015<a href=\"https:\/\/github.com\/pluginkollektiv\/statify\/blob\/develop\/CHANGELOG.md#128--19042014\"><\/a><\/h3>\n\n\n\n<ul class=\"wp-block-list\"><li>Ersetzung von&nbsp;<code>filter_has_var(INPUT_SERVER)<\/code>&nbsp;durch&nbsp;<code>isset($_SERVER[])<\/code>&nbsp;(<a href=\"https:\/\/github.com\/wp-stream\/stream\/issues\/254\">Grund<\/a>)<\/li><\/ul>\n\n\n\n<h3 class=\"wp-block-heading\" id=\"1.4.1\">1.4.1 \/\/ 29.04.2015<a href=\"https:\/\/github.com\/pluginkollektiv\/statify\/blob\/develop\/CHANGELOG.md#128--19042014\"><\/a><\/h3>\n\n\n\n<ul class=\"wp-block-list\"><li>\u00dcberarbeitung des Tracking-Mechanismus<\/li><\/ul>\n\n\n\n<h3 class=\"wp-block-heading\" id=\"1.4.0\">1.4.0 \/\/ 16.04.2015<a href=\"https:\/\/github.com\/pluginkollektiv\/statify\/blob\/develop\/CHANGELOG.md#128--19042014\"><\/a><\/h3>\n\n\n\n<ul class=\"wp-block-list\"><li>Support zu WordPress 4.2<\/li><li>Plugin-weites Code-Refactoring<\/li><li>\u00dcbersetzungen f\u00fcr Englisch und Russisch<\/li><li><a href=\"https:\/\/github.com\/pluginkollektiv\/statify\">GitHub Repository<\/a><\/li><\/ul>\n\n\n\n<hr class=\"wp-block-separator\"\/>\n\n\n\n<h3 class=\"wp-block-heading\" id=\"1.3.0\">1.3.0 \/\/ 28.04.2014<\/h3>\n\n\n\n<ul class=\"wp-block-list\"><li>Sourcecode-Optimierung f\u00fcr die Plugin-Finalisierung<\/li><\/ul>\n\n\n\n<hr class=\"wp-block-separator\"\/>\n\n\n\n<h3 class=\"wp-block-heading\" id=\"1.2.8\">1.2.8 \/\/ 19.04.2014<\/h3>\n\n\n\n<ul class=\"wp-block-list\"><li>JavaScript-Snippet: Relativer Pfad f\u00fcr HTTP(S)-Aufrufe<\/li><\/ul>\n\n\n\n<h3 class=\"wp-block-heading\" id=\"1.2.7\">1.2.7 \/\/ 09.04.2014<\/h3>\n\n\n\n<ul class=\"wp-block-list\"><li>Unterst\u00fctzung zu WordPress 3.9<\/li><li>Korrektur der Dashboard-Links (wenn WordPress im Unterordner)<\/li><\/ul>\n\n\n\n<h3 class=\"wp-block-heading\" id=\"1.2.6\">1.2.6 \/\/ 12.12.2013<\/h3>\n\n\n\n<ul class=\"wp-block-list\"><li>Optimierung f\u00fcr WordPress 3.8<\/li><li>Steuerung des Trackings via&nbsp;<code>statify_skip_tracking<\/code><\/li><\/ul>\n\n\n\n<h3 class=\"wp-block-heading\" id=\"1.2.5\">1.2.5 \/\/ 22.08.2013<\/h3>\n\n\n\n<ul class=\"wp-block-list\"><li>Umstellung der Diagramm-Software<\/li><\/ul>\n\n\n\n<h3 class=\"wp-block-heading\" id=\"1.2.4\">1.2.4 \/\/ 06.08.2013<\/h3>\n\n\n\n<ul class=\"wp-block-list\"><li>Kompatibilit\u00e4t zu WordPress 3.6<\/li><\/ul>\n\n\n\n<h3 class=\"wp-block-heading\" id=\"1.2.3\">1.2.3 \/\/ 06.06.2013<\/h3>\n\n\n\n<ul class=\"wp-block-list\"><li>Zus\u00e4tzliche Absicherung der PHP-Klassen vor direkten Aufrufen<\/li><li>Ersatz f\u00fcr veraltete&nbsp;<em>User Levels<\/em><\/li><\/ul>\n\n\n\n<h3 class=\"wp-block-heading\" id=\"1.2.2\">1.2.2 \/\/ 14.03.2013<\/h3>\n\n\n\n<ul class=\"wp-block-list\"><li><em>No-Cache<\/em> und <em>No-Content<\/em> Header f\u00fcr das optionale Z\u00e4hl-JavaScript<\/li><\/ul>\n\n\n\n<h3 class=\"wp-block-heading\" id=\"1.2.1\">1.2.1 \/\/ 18.12.2012<\/h3>\n\n\n\n<ul class=\"wp-block-list\"><li>Zus\u00e4tzliche Zeitr\u00e4ume (bis zu einem Jahr) f\u00fcr Statistik<\/li><li>WordPress 3.4 als Systemanforderung<\/li><\/ul>\n\n\n\n<h3 class=\"wp-block-heading\" id=\"1.2\">1.2 \/\/ 29.11.2012<\/h3>\n\n\n\n<ul class=\"wp-block-list\"><li>Speziell f\u00fcr Chrome-Browser entwickelte&nbsp;<em>Statify<\/em> App (eingestellt)<\/li><li>Fix f\u00fcr eingef\u00fchrte XML-RPC-Schnittstelle<\/li><\/ul>\n\n\n\n<hr class=\"wp-block-separator\"\/>\n\n\n\n<h3 class=\"wp-block-heading\" id=\"1.1\">1.1 \/\/ 23.11.2012<\/h3>\n\n\n\n<ul class=\"wp-block-list\"><li>WordPress 3.5 Support<\/li><li>Schnittstelle via XML-RPC<\/li><li>Refactoring der Code-Basis<\/li><li>\u00dcberarbeitung der Online-Dokumentation<\/li><li>Optionales Tracking via JavaScript f\u00fcr Caching-Plugins<\/li><\/ul>\n\n\n\n<hr class=\"wp-block-separator\"\/>\n\n\n\n<h3 class=\"wp-block-heading\" id=\"1.0\">1.0 \/\/ 12.06.2012<\/h3>\n\n\n\n<ul class=\"wp-block-list\"><li>WordPress 3.4 Support<\/li><li><a href=\"https:\/\/statify.de\/\">Offizielle Plugin-Website<\/a><\/li><li>Unkomprimierte Version des Source Codes<\/li><\/ul>\n\n\n\n<hr class=\"wp-block-separator\"\/>\n\n\n\n<h3 class=\"wp-block-heading\" id=\"0.9\">0.9 \/\/ 23.12.2011<\/h3>\n\n\n\n<ul class=\"wp-block-list\"><li>Xmas Edition<\/li><\/ul>\n\n\n\n<h3 class=\"wp-block-heading\" id=\"0.8\">0.8 \/\/ 14.12.2011<\/h3>\n\n\n\n<ul class=\"wp-block-list\"><li>Unterst\u00fctzung f\u00fcr WordPress 3.3<\/li><li>Anzeige des Dashboard-Widgets auch f\u00fcr Autoren<\/li><li>Direkter Link zu den Einstellungen auf dem Dashboard<\/li><li>Filterung der Ziele\/Referrer auf den aktuellen Tag<\/li><\/ul>\n\n\n\n<h3 class=\"wp-block-heading\" id=\"0.7\">0.7 \/\/ 2011-07-05<\/h3>\n\n\n\n<ul class=\"wp-block-list\"><li>Umsortierung der Statistiktage<\/li><li>Umf\u00e4rbung der Statistikmarkierung<\/li><li>Ignorierung der XMLRPC-Requests<\/li><\/ul>\n\n\n\n<h3 class=\"wp-block-heading\" id=\"0.6\">0.6 \/\/ 22.06.2011<\/h3>\n\n\n\n<ul class=\"wp-block-list\"><li>WordPress 3.2 Unterst\u00fctzung<\/li><li>Support f\u00fcr WordPress Multisite<\/li><li>Bereinigung \u00fcberfl\u00fcssiger URL-Parameter bei Zielseiten<\/li><li>Interaktive Statistik mit weiterf\u00fchrenden Informationen<\/li><\/ul>\n\n\n\n<h3 class=\"wp-block-heading\" id=\"0.5\">0.5 \/\/ 15.05.2011<\/h3>\n\n\n\n<ul class=\"wp-block-list\"><li>Fix: Abfrage f\u00fcr fehlende Referrer im Dashboard Widget<\/li><\/ul>\n\n\n\n<h3 class=\"wp-block-heading\" id=\"0.4\">0.4 \/\/ 16.03.2011<\/h3>\n\n\n\n<ul class=\"wp-block-list\"><li><em>Statify<\/em> geht online<\/li><\/ul>\n","protected":false},"excerpt":{"rendered":"<p>Im Folgenden sind alle nennenswerten \u00c4nderungen an Statify aufgef\u00fchrt. Das Projekt folgt&nbsp;Semantic Versioning. 1.8.0 \/\/ 08.08.2020 Datumsabweichung im Dashboard Widget in WP 5.3+ Umgebungen mit gemischten Zeitzonen korrigiert (#167) M\u00f6glichkeit, die Nonce-Pr\u00fcfung bei JavaScript Tracking zu deaktivieren (#168) Unterst\u00fctzung f\u00fcr die Option &#8222;disallowed_keys&#8220; anstelle von &#8222;blacklist_keys&#8220; in WordPress 5.5 (#174) Button zur Aktualisierung des Dashboards &hellip;<\/p>\n","protected":false},"author":1,"featured_media":0,"parent":12,"menu_order":0,"comment_status":"closed","ping_status":"closed","template":"","meta":{"footnotes":""},"class_list":["post-77","page","type-page","status-publish","hentry","post","without-featured-image"],"_links":{"self":[{"href":"https:\/\/statify.pluginkollektiv.org\/de\/wp-json\/wp\/v2\/pages\/77","targetHints":{"allow":["GET"]}}],"collection":[{"href":"https:\/\/statify.pluginkollektiv.org\/de\/wp-json\/wp\/v2\/pages"}],"about":[{"href":"https:\/\/statify.pluginkollektiv.org\/de\/wp-json\/wp\/v2\/types\/page"}],"author":[{"embeddable":true,"href":"https:\/\/statify.pluginkollektiv.org\/de\/wp-json\/wp\/v2\/users\/1"}],"replies":[{"embeddable":true,"href":"https:\/\/statify.pluginkollektiv.org\/de\/wp-json\/wp\/v2\/comments?post=77"}],"version-history":[{"count":10,"href":"https:\/\/statify.pluginkollektiv.org\/de\/wp-json\/wp\/v2\/pages\/77\/revisions"}],"predecessor-version":[{"id":214,"href":"https:\/\/statify.pluginkollektiv.org\/de\/wp-json\/wp\/v2\/pages\/77\/revisions\/214"}],"up":[{"embeddable":true,"href":"https:\/\/statify.pluginkollektiv.org\/de\/wp-json\/wp\/v2\/pages\/12"}],"wp:attachment":[{"href":"https:\/\/statify.pluginkollektiv.org\/de\/wp-json\/wp\/v2\/media?parent=77"}],"curies":[{"name":"wp","href":"https:\/\/api.w.org\/{rel}","templated":true}]}}